{"id":21,"date":"2026-03-04T04:43:10","date_gmt":"2026-03-04T07:43:10","guid":{"rendered":"https:\/\/www.toninhogarcia.com.br\/?page_id=21"},"modified":"2026-03-04T09:52:47","modified_gmt":"2026-03-04T12:52:47","slug":"pagina-inicial","status":"publish","type":"page","link":"https:\/\/www.toninhogarcia.com.br\/","title":{"rendered":"Grandes novidades est\u00e3o chegando\u2026"},"content":{"rendered":"\n<p>Estamos preparando algo especial para quem quer sair do lugar-comum e aprender a fazer publicidade que realmente chama aten\u00e7\u00e3o, cria conex\u00e3o e gera resultados de verdade. Publicidade com alma.<\/p>\n\n\n\n<p>Em breve, voc\u00ea vai descobrir como ideias e estrat\u00e9gias v\u00e3o mudar a forma como voc\u00ea pensa, cria e comunica. Fique atento\u2026 porque o que vem por a\u00ed vai transformar a sua maneira de fazer publicidade.<\/p>\n","protected":false},"excerpt":{"rendered":"<p>Estamos preparando algo especial para quem quer sair do lugar-comum e aprender a fazer publicidade que realmente chama aten\u00e7\u00e3o, cria conex\u00e3o e gera resultados de verdade. Publicidade com alma. Em breve, voc\u00ea vai descobrir como ideias e estrat\u00e9gias v\u00e3o mudar a forma como voc\u00ea pensa, cria e comunica. Fique atento\u2026 porque o que vem por &hellip; <\/p>\n<p class=\"link-more\"><a href=\"https:\/\/www.toninhogarcia.com.br\/\" class=\"more-link\">Continue lendo<span class=\"screen-reader-text\"> &#8220;Grandes novidades est\u00e3o chegando\u2026&#8221;<\/span><\/a><\/p>\n","protected":false},"author":1,"featured_media":0,"parent":0,"menu_order":0,"comment_status":"closed","ping_status":"closed","template":"","meta":{"footnotes":""},"class_list":["post-21","page","type-page","status-publish","hentry"],"_links":{"self":[{"href":"https:\/\/www.toninhogarcia.com.br\/index.php\/wp-json\/wp\/v2\/pages\/21","targetHints":{"allow":["GET"]}}],"collection":[{"href":"https:\/\/www.toninhogarcia.com.br\/index.php\/wp-json\/wp\/v2\/pages"}],"about":[{"href":"https:\/\/www.toninhogarcia.com.br\/index.php\/wp-json\/wp\/v2\/types\/page"}],"author":[{"embeddable":true,"href":"https:\/\/www.toninhogarcia.com.br\/index.php\/wp-json\/wp\/v2\/users\/1"}],"replies":[{"embeddable":true,"href":"https:\/\/www.toninhogarcia.com.br\/index.php\/wp-json\/wp\/v2\/comments?post=21"}],"version-history":[{"count":6,"href":"https:\/\/www.toninhogarcia.com.br\/index.php\/wp-json\/wp\/v2\/pages\/21\/revisions"}],"predecessor-version":[{"id":76,"href":"https:\/\/www.toninhogarcia.com.br\/index.php\/wp-json\/wp\/v2\/pages\/21\/revisions\/76"}],"wp:attachment":[{"href":"https:\/\/www.toninhogarcia.com.br\/index.php\/wp-json\/wp\/v2\/media?parent=21"}],"curies":[{"name":"wp","href":"https:\/\/api.w.org\/{rel}","templated":true}]}}